{"id":1000,"date":"2020-02-27T19:02:05","date_gmt":"2020-02-27T18:02:05","guid":{"rendered":"http:\/\/www.katarinasjofartsklubb.com\/?page_id=1000"},"modified":"2021-08-30T09:47:16","modified_gmt":"2021-08-30T07:47:16","slug":"integritetspolicy","status":"publish","type":"page","link":"https:\/\/www.katarinasjofartsklubb.com\/en\/om-klubben\/integritetspolicy\/","title":{"rendered":"Integritetspolicy"},"content":{"rendered":"<p>[:sv]Integritetspolicy<\/p>\n<p>Denna policy reglerar behandling av personuppgifter som Stiftelsen Stockholms Sj\u00f6fartshotell erh\u00e5ller: i samband med utf\u00f6randet av v\u00e5ra tj\u00e4nster; genom dig, via ditt bes\u00f6k p\u00e5 v\u00e5r webbplats, via post, elektronisk post, SMS, telefon; eller som vi kan f\u00e5 fr\u00e5n v\u00e5ra samarbetspartners eller fr\u00e5n tredje part, till exempel Sj\u00f6mansf\u00f6rmedlingen. Som bes\u00f6kare p\u00e5 Stiftelsen Stockholms Sj\u00f6fartshotells webbplats och som medlem i stiftelsen har du r\u00e4tt att f\u00e5 tydlig information om hur vi behandlar dina personuppgifter.<\/p>\n<p>Vi bryr oss om din personliga integritet. Denna policy reglerar hur vi samlar in, anv\u00e4nder och skyddar information om dig samt hur du kan ut\u00f6va dina r\u00e4ttigheter. V\u00e4nligen kontakta oss om du har n\u00e5gra fr\u00e5gor eller kommentarer ang\u00e5ende denna integritetspolicy.<\/p>\n<p>Vid h\u00e4nvisning till lag, h\u00e4nvisar vi nedan till den allm\u00e4nna dataskyddsf\u00f6rordningen (GDPR) och annan till\u00e4mplig svensk dataskyddslagstiftning.[:]<\/p>\n","protected":false},"excerpt":{"rendered":"<p>[:sv]Integritetspolicy Denna policy reglerar behandling av personuppgifter som Stiftelsen Stockholms Sj\u00f6fartshotell erh\u00e5ller: i samband med utf\u00f6randet av v\u00e5ra tj\u00e4nster; genom [&hellip;]<\/p>\n","protected":false},"author":2,"featured_media":0,"parent":19,"menu_order":0,"comment_status":"closed","ping_status":"closed","template":"","meta":{"site-sidebar-layout":"default","site-content-layout":"","ast-site-content-layout":"default","site-content-style":"default","site-sidebar-style":"default","ast-global-header-display":"","ast-banner-title-visibility":"","ast-main-header-display":"","ast-hfb-above-header-display":"","ast-hfb-below-header-display":"","ast-hfb-mobile-header-display":"","site-post-title":"","ast-breadcrumbs-content":"","ast-featured-img":"","footer-sml-layout":"","ast-disable-related-posts":"","theme-transparent-header-meta":"","adv-header-id-meta":"","stick-header-meta":"","header-above-stick-meta":"","header-main-stick-meta":"","header-below-stick-meta":"","astra-migrate-meta-layouts":"default","ast-page-background-enabled":"default","ast-page-background-meta":{"desktop":{"background-color":"var(--ast-global-color-5)","background-image":"","background-repeat":"repeat","background-position":"center center","background-size":"auto","background-attachment":"scroll","background-type":"","background-media":"","overlay-type":"","overlay-color":"","overlay-opacity":"","overlay-gradient":""},"tablet":{"background-color":"","background-image":"","background-repeat":"repeat","background-position":"center center","background-size":"auto","background-attachment":"scroll","background-type":"","background-media":"","overlay-type":"","overlay-color":"","overlay-opacity":"","overlay-gradient":""},"mobile":{"background-color":"","background-image":"","background-repeat":"repeat","background-position":"center center","background-size":"auto","background-attachment":"scroll","background-type":"","background-media":"","overlay-type":"","overlay-color":"","overlay-opacity":"","overlay-gradient":""}},"ast-content-background-meta":{"desktop":{"background-color":"var(--ast-global-color-4)","background-image":"","background-repeat":"repeat","background-position":"center center","background-size":"auto","background-attachment":"scroll","background-type":"","background-media":"","overlay-type":"","overlay-color":"","overlay-opacity":"","overlay-gradient":""},"tablet":{"background-color":"var(--ast-global-color-4)","background-image":"","background-repeat":"repeat","background-position":"center center","background-size":"auto","background-attachment":"scroll","background-type":"","background-media":"","overlay-type":"","overlay-color":"","overlay-opacity":"","overlay-gradient":""},"mobile":{"background-color":"var(--ast-global-color-4)","background-image":"","background-repeat":"repeat","background-position":"center center","background-size":"auto","background-attachment":"scroll","background-type":"","background-media":"","overlay-type":"","overlay-color":"","overlay-opacity":"","overlay-gradient":""}},"footnotes":""},"class_list":["post-1000","page","type-page","status-publish","hentry"],"_links":{"self":[{"href":"https:\/\/www.katarinasjofartsklubb.com\/en\/wp-json\/wp\/v2\/pages\/1000","targetHints":{"allow":["GET"]}}],"collection":[{"href":"https:\/\/www.katarinasjofartsklubb.com\/en\/wp-json\/wp\/v2\/pages"}],"about":[{"href":"https:\/\/www.katarinasjofartsklubb.com\/en\/wp-json\/wp\/v2\/types\/page"}],"author":[{"embeddable":true,"href":"https:\/\/www.katarinasjofartsklubb.com\/en\/wp-json\/wp\/v2\/users\/2"}],"replies":[{"embeddable":true,"href":"https:\/\/www.katarinasjofartsklubb.com\/en\/wp-json\/wp\/v2\/comments?post=1000"}],"version-history":[{"count":3,"href":"https:\/\/www.katarinasjofartsklubb.com\/en\/wp-json\/wp\/v2\/pages\/1000\/revisions"}],"predecessor-version":[{"id":1103,"href":"https:\/\/www.katarinasjofartsklubb.com\/en\/wp-json\/wp\/v2\/pages\/1000\/revisions\/1103"}],"up":[{"embeddable":true,"href":"https:\/\/www.katarinasjofartsklubb.com\/en\/wp-json\/wp\/v2\/pages\/19"}],"wp:attachment":[{"href":"https:\/\/www.katarinasjofartsklubb.com\/en\/wp-json\/wp\/v2\/media?parent=1000"}],"curies":[{"name":"wp","href":"https:\/\/api.w.org\/{rel}","templated":true}]}}