{"id":141,"date":"2016-02-14T16:27:43","date_gmt":"2016-02-14T15:27:43","guid":{"rendered":"http:\/\/www.katarinasjofartsklubb.com\/2016\/?page_id=141"},"modified":"2025-09-26T09:32:06","modified_gmt":"2025-09-26T07:32:06","slug":"personal","status":"publish","type":"page","link":"https:\/\/www.katarinasjofartsklubb.com\/en\/om-klubben\/personal\/","title":{"rendered":"[:sv]Personal[:en]Staff[:]"},"content":{"rendered":"<p>[:sv]<\/p>\n<table style=\"height: 285px;\" border=\"0\" width=\"960\" cellspacing=\"0\" cellpadding=\"0\">\n<tbody>\n<tr>\n<td align=\"left\" valign=\"top\" width=\"33%\">\n<h4>Karin Svensson<\/h4>\n<p class=\"p1\"><span class=\"s1\">Bitr. f\u00f6rest\u00e5ndare<br \/>\n<a href=\"mailto:klubben@katarinasjofartsklubb.com\">klubben@katarinasjofartsklubb.com<\/a><\/span><span class=\"s1\"><br \/>\n08-640 94 96 \/070-618 26 03<\/span><\/p>\n<\/td>\n<td align=\"left\" valign=\"top\" width=\"33%\">\n<h4>Kicki Falke<\/h4>\n<p>Klubbf\u00f6rest\u00e5ndare<br \/>\n<a href=\"mailto:kicki.falke@katarinasjofartsklubb.com\">kicki.falke@katarinasjofartsklubb.com<\/a><br \/>\n08-640 94 96 \/ 070-618 26 18<\/td>\n<td align=\"left\" valign=\"top\" width=\"33%\">\n<h4 class=\"p1\"><span class=\"s1\">Eva Karlsson<\/span><\/h4>\n<p class=\"p1\"><span class=\"s1\">Verkst\u00e4llande sekreterare<br \/>\n<\/span><span class=\"s2\"><a href=\"mailto:gunilla.johansson@katarinasjofartsklubb.com\">eva.karlsson@katarinasjofartsklubb.com<\/a><br \/>\n<\/span>08-640 94 96<\/p>\n<\/td>\n<\/tr>\n<tr>\n<td align=\"left\" valign=\"top\"><\/td>\n<td align=\"left\" valign=\"top\"><\/td>\n<td align=\"left\" valign=\"top\"><\/td>\n<\/tr>\n<tr>\n<td colspan=\"3\" align=\"left\" valign=\"top\">\u00c4r du intresserad att hj\u00e4lpa till och vara en av v\u00e5ra volont\u00e4rer \u00e4r du v\u00e4lkommen att h\u00f6ra av dig till oss. Som volont\u00e4r jobbar du frivilligt utan ekonomisk ers\u00e4ttning under tiden\u00a0 januari-maj samt oktober\u2013december och i samband med v\u00e5ra aktiviteter som g\u00e5r under arbetsnamnet \u201dNyhetsbrevet\u201d.<\/td>\n<\/tr>\n<\/tbody>\n<\/table>\n<p>&nbsp;[:en]&nbsp;<\/p>\n<table style=\"height: 285px;\" border=\"0\" width=\"960\" cellspacing=\"0\" cellpadding=\"0\">\n<tbody>\n<tr>\n<td align=\"left\" valign=\"top\" width=\"33%\">\n<h4>Karin Svensson<\/h4>\n<p class=\"p1\"><span class=\"s1\">Ass. manager<br \/>\n<a href=\"mailto:klubben@katarinasjofartsklubb.com\">klubben@katarinasjofartsklubb.com\u00a0<\/a><\/span><span class=\"s1\"><br \/>\n<\/span><\/p>\n<p><span class=\"s1\">08-640 94 96 \/070-618 26 03<\/span><\/p>\n<table border=\"0\" width=\"960\" cellspacing=\"0\" cellpadding=\"0\">\n<tbody>\n<tr>\n<td align=\"left\" valign=\"top\" width=\"33%\">\n<p class=\"p1\">\n<\/td>\n<\/tr>\n<\/tbody>\n<\/table>\n<p class=\"p1\"><span class=\"s1\">\u00a0<\/span><\/p>\n<\/td>\n<td align=\"left\" valign=\"top\" width=\"33%\">\n<h4>Kicki Falke<\/h4>\n<p>Manager<br \/>\n<a href=\"mailto:kicki.falke@katarinasjofartsklubb.com\">kicki.falke@katarinasjofartsklubb.com<\/a><br \/>\n08-640 94 96 \/ 070-618 26 18<\/td>\n<td align=\"left\" valign=\"top\" width=\"33%\">\n<h4 class=\"p1\"><span class=\"s1\">Eva Karlsson<\/span><\/h4>\n<p class=\"p1\"><span class=\"s1\">Executive Secretary<br \/>\n<\/span><span class=\"s2\"><a href=\"mailto:gunilla.johansson@katarinasjofartsklubb.com\">eva.karlsson@katarinasjofartsklubb.com<\/a><a href=\"mailto:gunilla.johansson@katarinasjofartsklubb.com\"><br \/>\n<\/a><\/span><span class=\"s1\">08-640 94 96<\/span><\/p>\n<\/td>\n<\/tr>\n<tr>\n<td align=\"left\" valign=\"top\"><\/td>\n<td align=\"left\" valign=\"top\"><\/td>\n<td align=\"left\" valign=\"top\"><\/td>\n<\/tr>\n<tr>\n<td colspan=\"3\" align=\"left\" valign=\"top\"><\/td>\n<\/tr>\n<\/tbody>\n<\/table>\n<table style=\"height: 401px;\" border=\"0\" width=\"1268\" cellspacing=\"0\" cellpadding=\"0\">\n<tbody>\n<tr>\n<td style=\"text-align: left;\" align=\"left\" valign=\"top\" width=\"45%\"><\/td>\n<td style=\"text-align: left;\" align=\"left\" valign=\"top\" width=\"10%\"><\/td>\n<td style=\"text-align: left;\" align=\"left\" valign=\"top\"><\/td>\n<\/tr>\n<tr>\n<td style=\"text-align: left;\" align=\"left\" valign=\"top\">\n<h3><\/h3>\n<h3>Volunteer<\/h3>\n<\/td>\n<td style=\"text-align: left;\" align=\"left\" valign=\"top\"><\/td>\n<td style=\"text-align: left;\" align=\"left\" valign=\"top\"><\/td>\n<\/tr>\n<tr>\n<td style=\"text-align: left;\" align=\"left\" valign=\"top\"><img loading=\"lazy\" decoding=\"async\" class=\"alignleft size-full wp-image-404\" src=\"http:\/\/www.katarinasjofartsklubb.com\/wp-content\/uploads\/2016\/02\/ingridogren.jpeg\" alt=\"ingridogren\" width=\"125\" height=\"150\" \/><\/td>\n<td style=\"text-align: left;\" align=\"left\" valign=\"top\"><\/td>\n<td style=\"text-align: left;\" align=\"left\" valign=\"top\"><\/td>\n<\/tr>\n<tr>\n<td style=\"text-align: left;\" align=\"left\" valign=\"top\">\n<h4>Ingrid Ogren<\/h4>\n<\/td>\n<td style=\"text-align: left;\" align=\"left\" valign=\"top\"><\/td>\n<td style=\"text-align: left;\" align=\"left\" valign=\"top\"><\/td>\n<\/tr>\n<tr>\n<td style=\"text-align: left;\" align=\"left\" valign=\"top\"><\/td>\n<td style=\"text-align: left;\" align=\"left\" valign=\"top\"><\/td>\n<td style=\"text-align: left;\" align=\"left\" valign=\"top\"><\/td>\n<\/tr>\n<\/tbody>\n<\/table>\n<p>[:]<\/p>\n","protected":false},"excerpt":{"rendered":"<p>[:sv] Karin Svensson Bitr. f\u00f6rest\u00e5ndare klubben@katarinasjofartsklubb.com 08-640 94 96 \/070-618 26 03 Kicki Falke Klubbf\u00f6rest\u00e5ndare kicki.falke@katarinasjofartsklubb.com 08-640 94 96 \/ [&hellip;]<\/p>\n","protected":false},"author":1,"featured_media":0,"parent":19,"menu_order":0,"comment_status":"closed","ping_status":"closed","template":"","meta":{"site-sidebar-layout":"default","site-content-layout":"","ast-site-content-layout":"default","site-content-style":"default","site-sidebar-style":"default","ast-global-header-display":"","ast-banner-title-visibility":"","ast-main-header-display":"","ast-hfb-above-header-display":"","ast-hfb-below-header-display":"","ast-hfb-mobile-header-display":"","site-post-title":"","ast-breadcrumbs-content":"","ast-featured-img":"","footer-sml-layout":"","ast-disable-related-posts":"","theme-transparent-header-meta":"","adv-header-id-meta":"","stick-header-meta":"","header-above-stick-meta":"","header-main-stick-meta":"","header-below-stick-meta":"","astra-migrate-meta-layouts":"default","ast-page-background-enabled":"default","ast-page-background-meta":{"desktop":{"background-color":"var(--ast-global-color-5)","background-image":"","background-repeat":"repeat","background-position":"center center","background-size":"auto","background-attachment":"scroll","background-type":"","background-media":"","overlay-type":"","overlay-color":"","overlay-opacity":"","overlay-gradient":""},"tablet":{"background-color":"","background-image":"","background-repeat":"repeat","background-position":"center center","background-size":"auto","background-attachment":"scroll","background-type":"","background-media":"","overlay-type":"","overlay-color":"","overlay-opacity":"","overlay-gradient":""},"mobile":{"background-color":"","background-image":"","background-repeat":"repeat","background-position":"center center","background-size":"auto","background-attachment":"scroll","background-type":"","background-media":"","overlay-type":"","overlay-color":"","overlay-opacity":"","overlay-gradient":""}},"ast-content-background-meta":{"desktop":{"background-color":"var(--ast-global-color-4)","background-image":"","background-repeat":"repeat","background-position":"center center","background-size":"auto","background-attachment":"scroll","background-type":"","background-media":"","overlay-type":"","overlay-color":"","overlay-opacity":"","overlay-gradient":""},"tablet":{"background-color":"var(--ast-global-color-4)","background-image":"","background-repeat":"repeat","background-position":"center center","background-size":"auto","background-attachment":"scroll","background-type":"","background-media":"","overlay-type":"","overlay-color":"","overlay-opacity":"","overlay-gradient":""},"mobile":{"background-color":"var(--ast-global-color-4)","background-image":"","background-repeat":"repeat","background-position":"center center","background-size":"auto","background-attachment":"scroll","background-type":"","background-media":"","overlay-type":"","overlay-color":"","overlay-opacity":"","overlay-gradient":""}},"footnotes":""},"class_list":["post-141","page","type-page","status-publish","hentry"],"_links":{"self":[{"href":"https:\/\/www.katarinasjofartsklubb.com\/en\/wp-json\/wp\/v2\/pages\/141","targetHints":{"allow":["GET"]}}],"collection":[{"href":"https:\/\/www.katarinasjofartsklubb.com\/en\/wp-json\/wp\/v2\/pages"}],"about":[{"href":"https:\/\/www.katarinasjofartsklubb.com\/en\/wp-json\/wp\/v2\/types\/page"}],"author":[{"embeddable":true,"href":"https:\/\/www.katarinasjofartsklubb.com\/en\/wp-json\/wp\/v2\/users\/1"}],"replies":[{"embeddable":true,"href":"https:\/\/www.katarinasjofartsklubb.com\/en\/wp-json\/wp\/v2\/comments?post=141"}],"version-history":[{"count":37,"href":"https:\/\/www.katarinasjofartsklubb.com\/en\/wp-json\/wp\/v2\/pages\/141\/revisions"}],"predecessor-version":[{"id":1744,"href":"https:\/\/www.katarinasjofartsklubb.com\/en\/wp-json\/wp\/v2\/pages\/141\/revisions\/1744"}],"up":[{"embeddable":true,"href":"https:\/\/www.katarinasjofartsklubb.com\/en\/wp-json\/wp\/v2\/pages\/19"}],"wp:attachment":[{"href":"https:\/\/www.katarinasjofartsklubb.com\/en\/wp-json\/wp\/v2\/media?parent=141"}],"curies":[{"name":"wp","href":"https:\/\/api.w.org\/{rel}","templated":true}]}}