{"id":1805,"date":"2026-04-09T20:15:36","date_gmt":"2026-04-09T18:15:36","guid":{"rendered":"https:\/\/www.katarinasjofartsklubb.com\/?page_id=1805"},"modified":"2026-04-13T12:18:48","modified_gmt":"2026-04-13T10:18:48","slug":"medlemskap","status":"publish","type":"page","link":"https:\/\/www.katarinasjofartsklubb.com\/en\/medlemskap\/","title":{"rendered":"Become member"},"content":{"rendered":"<div class=\"wp-block-group is-layout-constrained wp-container-core-group-is-layout-7db9d80f wp-block-group-is-layout-constrained\" style=\"padding-right:0;padding-left:0\">\n<h3 class=\"wp-block-heading\">A club with many opportunities for seafarers<\/h3>\n\n\n\n<p>If you are a sailor and want to meet colleagues, you are welcome to join us and take advantage of benefits specially designed for you. With us you can relax and read in our nice library or get your body moving in our gym. Or maybe just have a light lunch in Caf\u00e9 B\u00e5tsman? Or join one of our program activities. With us, generations of sailors can socialize and feel at home.<\/p>\n\n\n\n<p>A membership in Katarina Sj\u00f6fartsklubb also gives you the opportunity to take advantage of benefits at various hotels. <\/p>\n\n\n\n<h4 class=\"wp-block-heading\">Apply for membership<\/h4>\n\n\n\n<p>To obtain a membership card, you must meet the following requirements:<\/p>\n\n\n\n<p>Be employed by a shipping company, work in the shipping industry, be registered with the maritime employment agency or be a retired seaman. This must be proven with a seaman's book, certificate, service agreement or similar. The card is personal.<\/p>\n\n\n\n<p>Seasonal employees and students from maritime schools who have achieved seamanship qualifications are allowed to use the gym during our opening hours.<\/p>\n\n\n\n<p>Applications for membership are made at Katarina Sj\u00f6fartsklubb, visiting address Glasbruksgatan 2. <\/p>\n<\/div>","protected":false},"excerpt":{"rendered":"<p>En klubb med m\u00e5nga m\u00f6jligheter f\u00f6r sj\u00f6folk Om du \u00e4r sj\u00f6man och vill tr\u00e4ffa kollegor s\u00e5 \u00e4r du v\u00e4lkommen till [&hellip;]<\/p>\n","protected":false},"author":2,"featured_media":0,"parent":0,"menu_order":0,"comment_status":"closed","ping_status":"closed","template":"","meta":{"site-sidebar-layout":"default","site-content-layout":"","ast-site-content-layout":"default","site-content-style":"default","site-sidebar-style":"default","ast-global-header-display":"","ast-banner-title-visibility":"","ast-main-header-display":"","ast-hfb-above-header-display":"","ast-hfb-below-header-display":"","ast-hfb-mobile-header-display":"","site-post-title":"disabled","ast-breadcrumbs-content":"","ast-featured-img":"","footer-sml-layout":"","ast-disable-related-posts":"","theme-transparent-header-meta":"","adv-header-id-meta":"","stick-header-meta":"","header-above-stick-meta":"","header-main-stick-meta":"","header-below-stick-meta":"","astra-migrate-meta-layouts":"default","ast-page-background-enabled":"default","ast-page-background-meta":{"desktop":{"background-color":"var(--ast-global-color-5)","background-image":"","background-repeat":"repeat","background-position":"center center","background-size":"auto","background-attachment":"scroll","background-type":"","background-media":"","overlay-type":"","overlay-color":"","overlay-opacity":"","overlay-gradient":""},"tablet":{"background-color":"","background-image":"","background-repeat":"repeat","background-position":"center center","background-size":"auto","background-attachment":"scroll","background-type":"","background-media":"","overlay-type":"","overlay-color":"","overlay-opacity":"","overlay-gradient":""},"mobile":{"background-color":"","background-image":"","background-repeat":"repeat","background-position":"center center","background-size":"auto","background-attachment":"scroll","background-type":"","background-media":"","overlay-type":"","overlay-color":"","overlay-opacity":"","overlay-gradient":""}},"ast-content-background-meta":{"desktop":{"background-color":"var(--ast-global-color-4)","background-image":"","background-repeat":"repeat","background-position":"center center","background-size":"auto","background-attachment":"scroll","background-type":"","background-media":"","overlay-type":"","overlay-color":"","overlay-opacity":"","overlay-gradient":""},"tablet":{"background-color":"var(--ast-global-color-4)","background-image":"","background-repeat":"repeat","background-position":"center center","background-size":"auto","background-attachment":"scroll","background-type":"","background-media":"","overlay-type":"","overlay-color":"","overlay-opacity":"","overlay-gradient":""},"mobile":{"background-color":"var(--ast-global-color-4)","background-image":"","background-repeat":"repeat","background-position":"center center","background-size":"auto","background-attachment":"scroll","background-type":"","background-media":"","overlay-type":"","overlay-color":"","overlay-opacity":"","overlay-gradient":""}},"footnotes":""},"class_list":["post-1805","page","type-page","status-publish","hentry"],"_links":{"self":[{"href":"https:\/\/www.katarinasjofartsklubb.com\/en\/wp-json\/wp\/v2\/pages\/1805","targetHints":{"allow":["GET"]}}],"collection":[{"href":"https:\/\/www.katarinasjofartsklubb.com\/en\/wp-json\/wp\/v2\/pages"}],"about":[{"href":"https:\/\/www.katarinasjofartsklubb.com\/en\/wp-json\/wp\/v2\/types\/page"}],"author":[{"embeddable":true,"href":"https:\/\/www.katarinasjofartsklubb.com\/en\/wp-json\/wp\/v2\/users\/2"}],"replies":[{"embeddable":true,"href":"https:\/\/www.katarinasjofartsklubb.com\/en\/wp-json\/wp\/v2\/comments?post=1805"}],"version-history":[{"count":13,"href":"https:\/\/www.katarinasjofartsklubb.com\/en\/wp-json\/wp\/v2\/pages\/1805\/revisions"}],"predecessor-version":[{"id":1978,"href":"https:\/\/www.katarinasjofartsklubb.com\/en\/wp-json\/wp\/v2\/pages\/1805\/revisions\/1978"}],"wp:attachment":[{"href":"https:\/\/www.katarinasjofartsklubb.com\/en\/wp-json\/wp\/v2\/media?parent=1805"}],"curies":[{"name":"wp","href":"https:\/\/api.w.org\/{rel}","templated":true}]}}