{"id":1813,"date":"2026-04-09T20:18:50","date_gmt":"2026-04-09T18:18:50","guid":{"rendered":"https:\/\/www.katarinasjofartsklubb.com\/?page_id=1813"},"modified":"2026-04-13T12:12:42","modified_gmt":"2026-04-13T10:12:42","slug":"aktiviteter","status":"publish","type":"page","link":"https:\/\/www.katarinasjofartsklubb.com\/en\/aktiviteter\/","title":{"rendered":"What's On"},"content":{"rendered":"<p>Below you can see what activities we have during spring 2026. Should any changes occur, we will announce them here on the website and via email. <br>If space permits, family members are welcome to participate in the various program activities.<\/p>\n\n\n\n<p>Follow us on <a href=\"http:\/\/www.facebook.com\/Katarina.Sjofartsklubb\">Facebook<\/a> and keep an eye out here on the website for different opening hours on holidays.<br>Cruise season April 20 to September 30.<\/p>\n\n\n\n<p>Registration for our activities is primarily via email \u2013 <a href=\"mailto:klubben@katarinasjofartsklubb.com\">klubben@katarinasjofartsklubb.com<\/a><\/p>\n\n\n\n<p><strong>WELCOME<\/strong> wishes Kicki with crew<br><\/p>\n\n\n\n<h3 class=\"wp-block-heading\">Calendar<\/h3>\n\n\n\n\n\n<div class=\"wp-block-columns is-layout-flex wp-container-core-columns-is-layout-e242d015 wp-block-columns-is-layout-flex\" style=\"padding-top:var(--wp--preset--spacing--50);padding-right:0;padding-bottom:var(--wp--preset--spacing--50);padding-left:0\">\n<div class=\"wp-block-column is-layout-flow wp-block-column-is-layout-flow\">\n<div class=\"wp-block-columns is-layout-flex wp-container-core-columns-is-layout-28f84493 wp-block-columns-is-layout-flex\">\n<div class=\"wp-block-column is-layout-flow wp-block-column-is-layout-flow\" style=\"flex-basis:100%\">\n<h4 class=\"wp-block-heading\">Tisdag 31 mars<\/h4>\n<\/div>\n<\/div>\n\n\n\n<p>kl.15.00-18.00<br>\u201dP\u00e5skpyssel med Karin\u201d<br>F\u00f6rt\u00e4ring: Kycklingwrap<br>Pris per person inkl. 85 kr exkl. dryck<br><strong>Anm\u00e4lan senast 30 mars<\/strong><\/p>\n<\/div>\n\n\n\n<div class=\"wp-block-column is-layout-flow wp-block-column-is-layout-flow\">\n<h4 class=\"wp-block-heading\">Onsdag 1 april<\/h4>\n\n\n\n<div class=\"wp-block-group is-layout-constrained wp-block-group-is-layout-constrained\">\n<p>kl.14.00-16.00<br>P\u00e5skfika &#8211; buff\u00e9<br>Pris per person 85 kr inkl. kaffe<br><strong>Anm\u00e4lan senast 26 mars<\/strong><\/p>\n<\/div>\n<\/div>\n\n\n\n<div class=\"wp-block-column is-layout-flow wp-block-column-is-layout-flow\">\n<h4 class=\"wp-block-heading\">Torsdag 9 april<\/h4>\n\n\n\n<p>kl. 12.00 Lunch<br>kl. 13.00 F\u00f6redrag \u201dSOS och Kvinnoliv vid Idefjorden\u201d \u2013 nya b\u00f6cker av Aino Trosell och Gunwor Nordstr\u00f6m.<br>Arrangemang mellan Ove Allanssons\u00e4llskapet och Arbetarnas Kulturhistoriska S\u00e4llskap.<br>Moderator: Lennart Johnsson<br>Lunch: Kr\u00e4mig fisksoppa med nybakat br\u00f6d.<br>Pris per person inkl. 85 kr. Kaffe ing\u00e5r.<br><strong>Anm\u00e4lan senast 2 april<\/strong><\/p>\n<\/div>\n<\/div>\n\n\n\n<div class=\"wp-block-columns is-layout-flex wp-container-core-columns-is-layout-e242d015 wp-block-columns-is-layout-flex\" style=\"padding-top:var(--wp--preset--spacing--50);padding-right:0;padding-bottom:var(--wp--preset--spacing--50);padding-left:0\">\n<div class=\"wp-block-column is-layout-flow wp-block-column-is-layout-flow\">\n<h4 class=\"wp-block-heading\">Torsdag 16 april<\/h4>\n\n\n\n<p>kl. 12.00 Lunch <br>kl. 13.00 F\u00f6redrag &#8221;Minsveparen M 20 &#8211; 80 \u00e5r till sj\u00f6ss i krig och fred&#8221;. <br>F\u00f6redragsh\u00e5llare: Anders Torelm, ordf\u00f6rande i F\u00f6reningen Minsveparen M20.<br>Lunch: Tomatsoppa med pasta och<br>parmesanbr\u00f6d.<br>Pris per pers. inkl. 85 kr. Kaffe ing\u00e5r.<br><strong>Anm\u00e4lan senast 10 april<\/strong><\/p>\n<\/div>\n\n\n\n<div class=\"wp-block-column is-layout-flow wp-block-column-is-layout-flow\">\n<figure class=\"wp-block-image aligncenter size-full\"><img loading=\"lazy\" decoding=\"async\" width=\"330\" height=\"220\" src=\"https:\/\/www.katarinasjofartsklubb.com\/wp-content\/uploads\/2026\/04\/image-1.png\" alt=\"\" class=\"wp-image-1970\" srcset=\"https:\/\/www.katarinasjofartsklubb.com\/wp-content\/uploads\/2026\/04\/image-1.png 330w, https:\/\/www.katarinasjofartsklubb.com\/wp-content\/uploads\/2026\/04\/image-1-300x200.png 300w, https:\/\/www.katarinasjofartsklubb.com\/wp-content\/uploads\/2026\/04\/image-1-18x12.png 18w\" sizes=\"auto, (max-width: 330px) 100vw, 330px\" \/><figcaption class=\"wp-element-caption\"><em>Minsveparen M 20 <\/em><br><em>Foto: C.G. Wahlin, CC BY-SA 4.0.<\/em><\/figcaption><\/figure>\n<\/div>\n<\/div>\n\n\n\n<div class=\"wp-block-columns is-layout-flex wp-container-core-columns-is-layout-e242d015 wp-block-columns-is-layout-flex\" style=\"padding-top:var(--wp--preset--spacing--50);padding-right:0;padding-bottom:var(--wp--preset--spacing--50);padding-left:0\">\n<div class=\"wp-block-column is-layout-flow wp-block-column-is-layout-flow\">\n<h4 class=\"wp-block-heading\">Torsdag 21 maj<\/h4>\n\n\n\n<p><strong>V\u00c5RUTFLYKT<\/strong><br>Utflykt till Sj\u00f6manskyrkan i Nyn\u00e4shamn med lunch kl. 10.00 &#8211; kl. 14.00<br>Transport fr\u00e5n Katarina Sj\u00f6fartsklubb kl.10.00, transport tillbaka kl.14.00.<br>Pris per person 225 kr inkl. transport.<br><strong>Anm\u00e4lan senast 13 maj<\/strong><\/p>\n<\/div>\n\n\n\n<div class=\"wp-block-column is-layout-flow wp-block-column-is-layout-flow\">\n<figure class=\"wp-block-image aligncenter size-large is-resized\"><img loading=\"lazy\" decoding=\"async\" width=\"1024\" height=\"1024\" src=\"https:\/\/www.katarinasjofartsklubb.com\/wp-content\/uploads\/2026\/04\/image-1024x1024.png\" alt=\"\" class=\"wp-image-1969\" style=\"width:298px;height:auto\" srcset=\"https:\/\/www.katarinasjofartsklubb.com\/wp-content\/uploads\/2026\/04\/image-1024x1024.png 1024w, https:\/\/www.katarinasjofartsklubb.com\/wp-content\/uploads\/2026\/04\/image-300x300.png 300w, https:\/\/www.katarinasjofartsklubb.com\/wp-content\/uploads\/2026\/04\/image-150x150.png 150w, https:\/\/www.katarinasjofartsklubb.com\/wp-content\/uploads\/2026\/04\/image-768x768.png 768w, https:\/\/www.katarinasjofartsklubb.com\/wp-content\/uploads\/2026\/04\/image-12x12.png 12w, https:\/\/www.katarinasjofartsklubb.com\/wp-content\/uploads\/2026\/04\/image.png 1500w\" sizes=\"auto, (max-width: 1024px) 100vw, 1024px\" \/><figcaption class=\"wp-element-caption\">Sj\u00f6manskyrkan<\/figcaption><\/figure>\n<\/div>\n<\/div>\n\n\n\n<div class=\"wp-block-buttons is-layout-flex wp-block-buttons-is-layout-flex\">\n<div class=\"wp-block-button\"><a class=\"wp-block-button__link wp-element-button\" href=\"https:\/\/www.katarinasjofartsklubb.com\/en\/?page_id=149\">Photo gallery from previous activities<\/a><\/div>\n<\/div>\n\n\n\n<div class=\"wp-block-buttons is-layout-flex wp-block-buttons-is-layout-flex\">\n<div class=\"wp-block-button\"><a class=\"wp-block-button__link wp-element-button\" href=\"https:\/\/www.katarinasjofartsklubb.com\/wp-content\/uploads\/2026\/01\/Nyhetsbrev-VT2026-1.pdf\" target=\"_blank\" rel=\"noreferrer noopener\">See schematic as a pdf<\/a><\/div>\n<\/div>\n\n\n\n<p><\/p>","protected":false},"excerpt":{"rendered":"<p>Nedan kan du se vilka aktiviteter vi har under v\u00e5ren 2026. Skulle \u00e4ndringar ske meddelar vi det h\u00e4r p\u00e5 hemsidan [&hellip;]<\/p>\n","protected":false},"author":2,"featured_media":0,"parent":0,"menu_order":0,"comment_status":"closed","ping_status":"closed","template":"","meta":{"site-sidebar-layout":"default","site-content-layout":"","ast-site-content-layout":"default","site-content-style":"default","site-sidebar-style":"default","ast-global-header-display":"","ast-banner-title-visibility":"","ast-main-header-display":"","ast-hfb-above-header-display":"","ast-hfb-below-header-display":"","ast-hfb-mobile-header-display":"","site-post-title":"","ast-breadcrumbs-content":"","ast-featured-img":"","footer-sml-layout":"","ast-disable-related-posts":"","theme-transparent-header-meta":"","adv-header-id-meta":"","stick-header-meta":"","header-above-stick-meta":"","header-main-stick-meta":"","header-below-stick-meta":"","astra-migrate-meta-layouts":"default","ast-page-background-enabled":"default","ast-page-background-meta":{"desktop":{"background-color":"var(--ast-global-color-5)","background-image":"","background-repeat":"repeat","background-position":"center center","background-size":"auto","background-attachment":"scroll","background-type":"","background-media":"","overlay-type":"","overlay-color":"","overlay-opacity":"","overlay-gradient":""},"tablet":{"background-color":"","background-image":"","background-repeat":"repeat","background-position":"center center","background-size":"auto","background-attachment":"scroll","background-type":"","background-media":"","overlay-type":"","overlay-color":"","overlay-opacity":"","overlay-gradient":""},"mobile":{"background-color":"","background-image":"","background-repeat":"repeat","background-position":"center center","background-size":"auto","background-attachment":"scroll","background-type":"","background-media":"","overlay-type":"","overlay-color":"","overlay-opacity":"","overlay-gradient":""}},"ast-content-background-meta":{"desktop":{"background-color":"var(--ast-global-color-4)","background-image":"","background-repeat":"repeat","background-position":"center center","background-size":"auto","background-attachment":"scroll","background-type":"","background-media":"","overlay-type":"","overlay-color":"","overlay-opacity":"","overlay-gradient":""},"tablet":{"background-color":"var(--ast-global-color-4)","background-image":"","background-repeat":"repeat","background-position":"center center","background-size":"auto","background-attachment":"scroll","background-type":"","background-media":"","overlay-type":"","overlay-color":"","overlay-opacity":"","overlay-gradient":""},"mobile":{"background-color":"var(--ast-global-color-4)","background-image":"","background-repeat":"repeat","background-position":"center center","background-size":"auto","background-attachment":"scroll","background-type":"","background-media":"","overlay-type":"","overlay-color":"","overlay-opacity":"","overlay-gradient":""}},"footnotes":""},"class_list":["post-1813","page","type-page","status-publish","hentry"],"_links":{"self":[{"href":"https:\/\/www.katarinasjofartsklubb.com\/en\/wp-json\/wp\/v2\/pages\/1813","targetHints":{"allow":["GET"]}}],"collection":[{"href":"https:\/\/www.katarinasjofartsklubb.com\/en\/wp-json\/wp\/v2\/pages"}],"about":[{"href":"https:\/\/www.katarinasjofartsklubb.com\/en\/wp-json\/wp\/v2\/types\/page"}],"author":[{"embeddable":true,"href":"https:\/\/www.katarinasjofartsklubb.com\/en\/wp-json\/wp\/v2\/users\/2"}],"replies":[{"embeddable":true,"href":"https:\/\/www.katarinasjofartsklubb.com\/en\/wp-json\/wp\/v2\/comments?post=1813"}],"version-history":[{"count":23,"href":"https:\/\/www.katarinasjofartsklubb.com\/en\/wp-json\/wp\/v2\/pages\/1813\/revisions"}],"predecessor-version":[{"id":2033,"href":"https:\/\/www.katarinasjofartsklubb.com\/en\/wp-json\/wp\/v2\/pages\/1813\/revisions\/2033"}],"wp:attachment":[{"href":"https:\/\/www.katarinasjofartsklubb.com\/en\/wp-json\/wp\/v2\/media?parent=1813"}],"curies":[{"name":"wp","href":"https:\/\/api.w.org\/{rel}","templated":true}]}}