{"id":44,"date":"2016-01-31T13:42:14","date_gmt":"2016-01-31T12:42:14","guid":{"rendered":"http:\/\/www.katarinasjofartsklubb.com\/2016\/?page_id=44"},"modified":"2026-04-15T20:27:37","modified_gmt":"2026-04-15T18:27:37","slug":"styrelsen","status":"publish","type":"page","link":"https:\/\/www.katarinasjofartsklubb.com\/en\/stiftelsen-2\/styrelsen\/","title":{"rendered":"The board of the foundation"},"content":{"rendered":"<p>The board of the foundation is appointed according to an agreement approved by the parties when formulating the statutes. These are the Local Government Councillor of Stockholm, the SEKO Seafarers, The Swedish Ship Officer\u00b4s Association (SSOA), the Merchant Marine Officers\u00b4 Association and the Foundation for the Seamen\u2019s Home of Stockholm<\/p>\n\n\n\n<figure class=\"wp-block-table is-style-regular\"><table class=\"has-border-color has-ast-global-color-5-border-color has-fixed-layout\" style=\"border-width:2px\"><thead><tr><th><h4>Permanent members<\/h4><\/th><th><\/th><th><h4>Personal members<\/h4><\/th><\/tr><\/thead><tbody><tr><td><strong>Appointed by the City of Stockholm<\/strong><\/td><td><\/td><td><\/td><\/tr><tr><td>Bengt Sandberg<br>\nBo Fellstr\u00f6m<\/td><td><\/td><td>Anders Engstr\u00f6m<br>\nHans Larsson<\/td><\/tr><tr><td><\/td><td><\/td><td><\/td><\/tr><tr><td><strong>Members appointed by SEKO Seafarers<\/strong><\/td><td><\/td><td><\/td><\/tr><tr><td>Kenny Reinhold<\/td><td><\/td><td>Peter Skoglund<\/td><\/tr><tr><td><\/td><td><\/td><td><\/td><\/tr><tr><td><strong>Members appointed by the Swedish Ship Officer\u00b4s Association<\/strong><\/td><td><\/td><td><\/td><\/tr><tr><td>Christer Lindvall<\/td><td><\/td><td>Rebecca Fransson<\/td><\/tr><tr><td><\/td><td><\/td><td><\/td><\/tr><tr><td><strong>Members appointed by Merchant Marine Officer\u00b4s Association<\/strong><\/td><td><\/td><td><\/td><\/tr><tr><td>Christer Themn\u00e9r<\/td><td><\/td><td>Peter Hellberg<\/td><\/tr><tr><td><\/td><td><\/td><td><\/td><\/tr><tr><td><strong>Members of the Foundation of the Stockholm Seamen\u00b4s Home<\/strong><\/td><td><\/td><td><\/td><\/tr><tr><td>Hans Laidwa<br>\nNiklas Loden<br>\nPer H\u00f6gberg<\/td><td><\/td><td>Sven-G\u00f6sta Holst<br>\nVeine Samuelsson<br>\nThore Hansson<\/td><\/tr><tr><td><\/td><td><\/td><td><br><\/td><\/tr><tr><td><h4>The Chairman of the Board<\/h4><\/td><td><\/td><td><\/td><\/tr><tr><td colspan=\"3\">The Chairman of the Board, appointed by Board itself, is Mr Barry Andersson, former vice president of the Local Government Councillor of Stockholm. The deputy Chairman of the board is the Managing director of the Merchant Marine Officers\u00b4 Association, Mr Christer Themn\u00e9r.<\/td><\/tr><tr><td><\/td><td><\/td><td><\/td><\/tr><tr><td><h4>Auditors<\/h4><\/td><td><\/td><td><\/td><\/tr><tr><td colspan=\"3\">The Auditors appointed by the local government Councillor of Stockholm are Mia Sydow M\u00f6lleby with Mr Stefan Kindborg as her substitute.<br>\nAuthorized auditor is Nicklas Bostr\u00f6m \u2013 EY, Jeff Erici \u2013 EY<\/td><\/tr><tr><td><\/td><td><\/td><td><\/td><\/tr><tr><td><h4>Management work<\/h4><\/td><td><\/td><td><\/td><\/tr><tr><td colspan=\"3\">For the routine management work answers an executive secretary, Eva Karlsson, responsible for the overall approach and direction of the work of the Foundation. Special expertise and counsel staff hired as needed.<\/td><\/tr><tr><td><\/td><td><\/td><td><\/td><\/tr><tr><td><h4>Social commitments<\/h4><\/td><td><\/td><td><\/td><\/tr><tr><td colspan=\"3\">An important part of the Foundations\u00b4s work is to run the Katarina Seamen\u00b4s  Club. This way, the Foundation lives up to its social commitments, laid down in the statutes. Responsible for the Club\u00b4s activities is.<\/td><\/tr><tr><td><\/td><td><\/td><td><\/td><\/tr><tr><td><h4>Seamen\u00b4s hotel<\/h4><\/td><td><\/td><td><\/td><\/tr><tr><td colspan=\"3\">By co-operating with the Seamen\u00b4s hotel, where Scandic Hotels is in charge of the operation, the Foundation is fulfilling its task of providing hotel rooms for seamen. And it can still pursue its own policy when providing rooms for seamen.<\/td><\/tr><tr><td><\/td><td><\/td><td><\/td><\/tr><\/tbody><\/table><\/figure>","protected":false},"excerpt":{"rendered":"<p>Stiftelsens styrelse utses enligt den \u00f6verenskommelse som tr\u00e4ffades av parterna i samband med fastst\u00e4llandet av stadgarna, av Stockholms kommunfullm\u00e4ktige, SEKO [&hellip;]<\/p>\n","protected":false},"author":1,"featured_media":100,"parent":38,"menu_order":0,"comment_status":"closed","ping_status":"closed","template":"","meta":{"site-sidebar-layout":"default","site-content-layout":"","ast-site-content-layout":"default","site-content-style":"default","site-sidebar-style":"default","ast-global-header-display":"","ast-banner-title-visibility":"","ast-main-header-display":"","ast-hfb-above-header-display":"","ast-hfb-below-header-display":"","ast-hfb-mobile-header-display":"","site-post-title":"","ast-breadcrumbs-content":"","ast-featured-img":"","footer-sml-layout":"","ast-disable-related-posts":"","theme-transparent-header-meta":"","adv-header-id-meta":"","stick-header-meta":"","header-above-stick-meta":"","header-main-stick-meta":"","header-below-stick-meta":"","astra-migrate-meta-layouts":"default","ast-page-background-enabled":"default","ast-page-background-meta":{"desktop":{"background-color":"var(--ast-global-color-5)","background-image":"","background-repeat":"repeat","background-position":"center center","background-size":"auto","background-attachment":"scroll","background-type":"","background-media":"","overlay-type":"","overlay-color":"","overlay-opacity":"","overlay-gradient":""},"tablet":{"background-color":"","background-image":"","background-repeat":"repeat","background-position":"center center","background-size":"auto","background-attachment":"scroll","background-type":"","background-media":"","overlay-type":"","overlay-color":"","overlay-opacity":"","overlay-gradient":""},"mobile":{"background-color":"","background-image":"","background-repeat":"repeat","background-position":"center center","background-size":"auto","background-attachment":"scroll","background-type":"","background-media":"","overlay-type":"","overlay-color":"","overlay-opacity":"","overlay-gradient":""}},"ast-content-background-meta":{"desktop":{"background-color":"var(--ast-global-color-4)","background-image":"","background-repeat":"repeat","background-position":"center center","background-size":"auto","background-attachment":"scroll","background-type":"","background-media":"","overlay-type":"","overlay-color":"","overlay-opacity":"","overlay-gradient":""},"tablet":{"background-color":"var(--ast-global-color-4)","background-image":"","background-repeat":"repeat","background-position":"center center","background-size":"auto","background-attachment":"scroll","background-type":"","background-media":"","overlay-type":"","overlay-color":"","overlay-opacity":"","overlay-gradient":""},"mobile":{"background-color":"var(--ast-global-color-4)","background-image":"","background-repeat":"repeat","background-position":"center center","background-size":"auto","background-attachment":"scroll","background-type":"","background-media":"","overlay-type":"","overlay-color":"","overlay-opacity":"","overlay-gradient":""}},"footnotes":""},"class_list":["post-44","page","type-page","status-publish","has-post-thumbnail","hentry"],"_links":{"self":[{"href":"https:\/\/www.katarinasjofartsklubb.com\/en\/wp-json\/wp\/v2\/pages\/44","targetHints":{"allow":["GET"]}}],"collection":[{"href":"https:\/\/www.katarinasjofartsklubb.com\/en\/wp-json\/wp\/v2\/pages"}],"about":[{"href":"https:\/\/www.katarinasjofartsklubb.com\/en\/wp-json\/wp\/v2\/types\/page"}],"author":[{"embeddable":true,"href":"https:\/\/www.katarinasjofartsklubb.com\/en\/wp-json\/wp\/v2\/users\/1"}],"replies":[{"embeddable":true,"href":"https:\/\/www.katarinasjofartsklubb.com\/en\/wp-json\/wp\/v2\/comments?post=44"}],"version-history":[{"count":35,"href":"https:\/\/www.katarinasjofartsklubb.com\/en\/wp-json\/wp\/v2\/pages\/44\/revisions"}],"predecessor-version":[{"id":2010,"href":"https:\/\/www.katarinasjofartsklubb.com\/en\/wp-json\/wp\/v2\/pages\/44\/revisions\/2010"}],"up":[{"embeddable":true,"href":"https:\/\/www.katarinasjofartsklubb.com\/en\/wp-json\/wp\/v2\/pages\/38"}],"wp:featuredmedia":[{"embeddable":true,"href":"https:\/\/www.katarinasjofartsklubb.com\/en\/wp-json\/wp\/v2\/media\/100"}],"wp:attachment":[{"href":"https:\/\/www.katarinasjofartsklubb.com\/en\/wp-json\/wp\/v2\/media?parent=44"}],"curies":[{"name":"wp","href":"https:\/\/api.w.org\/{rel}","templated":true}]}}