{"id":62,"date":"2016-02-10T12:43:09","date_gmt":"2016-02-10T11:43:09","guid":{"rendered":"http:\/\/www.katarinasjofartsklubb.com\/2016\/?page_id=62"},"modified":"2026-05-06T20:10:35","modified_gmt":"2026-05-06T18:10:35","slug":"valkommen-till-katarina-sjofartsklubb","status":"publish","type":"page","link":"https:\/\/www.katarinasjofartsklubb.com\/en\/","title":{"rendered":"V\u00e4lkommen"},"content":{"rendered":"<div class=\"wp-block-columns has-ast-global-color-5-color has-text-color has-link-color wp-elements-bf3dd488afe256645fb5686650a13c8c is-layout-flex wp-container-core-columns-is-layout-1ec2ec05 wp-block-columns-is-layout-flex\" style=\"margin-top:0;margin-bottom:0;padding-top:0;padding-right:0;padding-bottom:0;padding-left:0\">\n<div class=\"wp-block-column is-layout-flow wp-block-column-is-layout-flow\" style=\"padding-top:0;padding-bottom:0\">\n<div class=\"alignnormal\"><div id=\"metaslider-id-2069\" style=\"width: 100%; margin: 0 auto;\" class=\"ml-slider-3-109-0 metaslider metaslider-flex metaslider-2069 ml-slider has-onhover-arrows has-dots-nav ms-theme-bitono\" role=\"region\" aria-label=\"Nytt bildspel\" data-height=\"500\" data-width=\"1400\">\n    <div id=\"metaslider_container_2069\">\n        <div id=\"metaslider_2069\">\n            <ul aria-live='off' class='slides'>\n                <li style=\"display: block; width: 100%;\" class=\"slide-2070 ms-image\" aria-roledescription=\"slide\" data-date=\"2026-05-06 19:09:00\" data-filename=\"iStock-1307852283-1400x500.jpg\" data-slide-type=\"image\"><img loading=\"lazy\" decoding=\"async\" src=\"https:\/\/www.katarinasjofartsklubb.com\/wp-content\/uploads\/2026\/05\/iStock-1307852283-1400x500.jpg\" height=\"500\" width=\"1400\" alt=\"\" class=\"slider-2069 slide-2070 msDefaultImage\" title=\"Stockholm old town city skyline, cityscape of Sweden\" \/><div class=\"caption-wrap\"><div class=\"caption\"><p style=\"text-align:center;line-height:1.7;\"><span style=\"font-size:32px;\"><strong>Welcome to Katarina Sj\u00f6fartsklubb<br \/>The meeting place in Stockholm for seafarers<\/strong><\/span><\/p><\/div><\/div><\/li>\n                <li style=\"display: none; width: 100%;\" class=\"slide-2071 ms-image\" aria-roledescription=\"slide\" data-date=\"2026-05-06 19:09:00\" data-filename=\"view-cityscape-landscapes-stockholm-sweden-scaled-e1775673890883-1400x500.jpg\" data-slide-type=\"image\"><img loading=\"lazy\" decoding=\"async\" src=\"https:\/\/www.katarinasjofartsklubb.com\/wp-content\/uploads\/2026\/04\/view-cityscape-landscapes-stockholm-sweden-scaled-e1775673890883-1400x500.jpg\" height=\"500\" width=\"1400\" alt=\"\" class=\"slider-2069 slide-2071 msDefaultImage\" title=\"View of the cityscape. landscapes of Stockholm, Sweden.\" \/><\/li>\n                <li style=\"display: none; width: 100%;\" class=\"slide-2075 ms-image\" aria-roledescription=\"slide\" data-date=\"2026-05-06 20:03:54\" data-filename=\"64-590x210.jpg\" data-slide-type=\"image\"><img loading=\"lazy\" decoding=\"async\" src=\"https:\/\/www.katarinasjofartsklubb.com\/wp-content\/uploads\/2016\/03\/64-590x210.jpg\" height=\"500\" width=\"1400\" alt=\"\" class=\"slider-2069 slide-2075 msDefaultImage\" title=\"64\" \/><\/li>\n            <\/ul>\n        <\/div>\n        \n    <\/div>\n<\/div><\/div>\n<\/div>\n<\/div>\n\n\n\n<div style=\"height:26px\" aria-hidden=\"true\" class=\"wp-block-spacer\"><\/div>\n\n\n\n<div class=\"wp-block-columns has-ast-global-color-5-background-color has-background is-layout-flex wp-container-core-columns-is-layout-28f84493 wp-block-columns-is-layout-flex\" style=\"border-top-left-radius:10px;border-top-right-radius:10px;border-bottom-left-radius:10px;border-bottom-right-radius:10px\">\n<div class=\"wp-block-column is-layout-flow wp-block-column-is-layout-flow\" style=\"flex-basis:55%\">\n<p>Katarina Maritime Club is located on \"historical\" land right next to Slussen and the Old Town. Stockholms Sj\u00f6mansf\u00f6rmedling, Sj\u00f6manshus &amp; Sj\u00f6mansn\u00e4mnden operated in these very premises in the 1960s. Today, the premises are bright with a maritime interior with a large kitchen, internet room and fantastic meeting rooms.<\/p>\n\n\n\n<p>We run a service organization especially for seafarers. With us you can relax and read in our nice library or get your body moving in our gym. Or maybe just have a light lunch in Caf\u00e9 B\u00e5tsman? Or join one of our program activities. With us, generations of seafarers can socialize and feel at home.<br><br><\/p>\n<\/div>\n\n\n\n<div class=\"wp-block-column is-layout-flow wp-block-column-is-layout-flow\" style=\"flex-basis:45%\">\n<figure class=\"wp-block-image alignfull size-large\"><img loading=\"lazy\" decoding=\"async\" width=\"1024\" height=\"683\" src=\"https:\/\/www.katarinasjofartsklubb.com\/wp-content\/uploads\/2025\/08\/Entre-1024x683.webp\" alt=\"\" class=\"wp-image-1720\" srcset=\"https:\/\/www.katarinasjofartsklubb.com\/wp-content\/uploads\/2025\/08\/Entre-1024x683.webp 1024w, https:\/\/www.katarinasjofartsklubb.com\/wp-content\/uploads\/2025\/08\/Entre-300x200.webp 300w, https:\/\/www.katarinasjofartsklubb.com\/wp-content\/uploads\/2025\/08\/Entre-768x512.webp 768w, https:\/\/www.katarinasjofartsklubb.com\/wp-content\/uploads\/2025\/08\/Entre-1536x1024.webp 1536w, https:\/\/www.katarinasjofartsklubb.com\/wp-content\/uploads\/2025\/08\/Entre-1140x760.webp 1140w, https:\/\/www.katarinasjofartsklubb.com\/wp-content\/uploads\/2025\/08\/Entre-570x380.webp 570w, https:\/\/www.katarinasjofartsklubb.com\/wp-content\/uploads\/2025\/08\/Entre-380x254.webp 380w, https:\/\/www.katarinasjofartsklubb.com\/wp-content\/uploads\/2025\/08\/Entre-285x190.webp 285w, https:\/\/www.katarinasjofartsklubb.com\/wp-content\/uploads\/2025\/08\/Entre.webp 1863w\" sizes=\"auto, (max-width: 1024px) 100vw, 1024px\" \/><\/figure>\n<\/div>\n<\/div>\n\n\n\n<div class=\"wp-block-columns is-layout-flex wp-container-core-columns-is-layout-e0e4babd wp-block-columns-is-layout-flex\" style=\"padding-right:0;padding-left:0\">\n<div class=\"wp-block-column is-vertically-aligned-stretch has-ast-global-color-5-background-color has-background is-layout-flow wp-container-core-column-is-layout-a590c3e2 wp-block-column-is-layout-flow\" style=\"border-top-left-radius:10px;border-top-right-radius:10px;border-bottom-left-radius:10px;border-bottom-right-radius:10px;padding-top:var(--wp--preset--spacing--30);padding-right:var(--wp--preset--spacing--30);padding-bottom:var(--wp--preset--spacing--30);padding-left:var(--wp--preset--spacing--30)\">\n<h4 class=\"wp-block-heading has-text-align-center\">What's On<\/h4>\n\n\n\n<div class=\"wp-block-group is-layout-flow wp-block-group-is-layout-flow\" style=\"min-height:0px\">\n<p>We are constantly organizing various activities and group trainings for our members. Check the calendar to see what's going on. <\/p>\n\n\n\n<div class=\"wp-block-buttons is-content-justification-center is-layout-flex wp-container-core-buttons-is-layout-a89b3969 wp-block-buttons-is-layout-flex\">\n<div class=\"wp-block-button has-custom-width wp-block-button__width-100\"><a class=\"wp-block-button__link wp-element-button\" href=\"https:\/\/www.katarinasjofartsklubb.com\/en\/?page_id=1813\"><strong>S<\/strong>ee the schedule<\/a><\/div>\n<\/div>\n<\/div>\n<\/div>\n\n\n\n<div class=\"wp-block-column has-ast-global-color-5-background-color has-background is-layout-flow wp-container-core-column-is-layout-a590c3e2 wp-block-column-is-layout-flow\" style=\"border-top-left-radius:10px;border-top-right-radius:10px;border-bottom-left-radius:10px;border-bottom-right-radius:10px;padding-top:var(--wp--preset--spacing--30);padding-right:var(--wp--preset--spacing--30);padding-bottom:var(--wp--preset--spacing--30);padding-left:var(--wp--preset--spacing--30)\">\n<h4 class=\"wp-block-heading has-text-align-center\">Visit us<\/h4>\n\n\n\n<p class=\"has-text-align-left\" style=\"border-style:none;border-width:0px\">Mon-Thu 9 am to 17 pm<br>Friday 9 am to 16 pm<br><em>Different opening hours during the summer period<\/em>. <\/p>\n\n\n\n<div class=\"wp-block-buttons is-content-justification-center is-layout-flex wp-container-core-buttons-is-layout-a89b3969 wp-block-buttons-is-layout-flex\">\n<div class=\"wp-block-button has-custom-width wp-block-button__width-100\"><a class=\"wp-block-button__link wp-element-button\" href=\"https:\/\/www.katarinasjofartsklubb.com\/en\/?page_id=1824\"><strong>Contact<\/strong><\/a><\/div>\n<\/div>\n<\/div>\n\n\n\n<div class=\"wp-block-column has-ast-global-color-5-background-color has-background is-layout-flow wp-container-core-column-is-layout-03469332 wp-block-column-is-layout-flow\" style=\"border-top-left-radius:10px;border-top-right-radius:10px;border-bottom-left-radius:10px;border-bottom-right-radius:10px;padding-top:var(--wp--preset--spacing--30);padding-right:var(--wp--preset--spacing--30);padding-bottom:var(--wp--preset--spacing--30);padding-left:var(--wp--preset--spacing--30)\">\n<h4 class=\"wp-block-heading has-text-align-center\">Become a member<\/h4>\n\n\n\n<p>If you are a sailor and want to meet colleagues, you are welcome to join us and take advantage of benefits specially designed for you. <\/p>\n\n\n\n<div class=\"wp-block-buttons is-content-justification-center is-layout-flex wp-container-core-buttons-is-layout-a89b3969 wp-block-buttons-is-layout-flex\">\n<div class=\"wp-block-button has-custom-width wp-block-button__width-100\"><a class=\"wp-block-button__link wp-element-button\" href=\"https:\/\/www.katarinasjofartsklubb.com\/en\/?page_id=1805\"><strong>read more<\/strong><\/a><\/div>\n<\/div>\n<\/div>\n<\/div>\n\n\n\n\n\n<div class=\"wp-block-columns is-layout-flex wp-container-core-columns-is-layout-e0e4babd wp-block-columns-is-layout-flex\" style=\"padding-right:0;padding-left:0\">\n<div class=\"wp-block-column is-vertically-aligned-stretch has-ast-global-color-5-background-color has-background is-layout-flow wp-container-core-column-is-layout-5dd41452 wp-block-column-is-layout-flow\" style=\"border-top-left-radius:10px;border-top-right-radius:10px;border-bottom-left-radius:10px;border-bottom-right-radius:10px;padding-top:var(--wp--preset--spacing--50);padding-right:var(--wp--preset--spacing--30);padding-bottom:var(--wp--preset--spacing--50);padding-left:var(--wp--preset--spacing--30)\">\n<h4 class=\"wp-block-heading has-text-align-center\">Opening hours<\/h4>\n\n\n\n<div class=\"wp-block-columns is-layout-flex wp-container-core-columns-is-layout-7abde1fe wp-block-columns-is-layout-flex\" style=\"padding-top:var(--wp--preset--spacing--40);padding-bottom:var(--wp--preset--spacing--40)\">\n<div class=\"wp-block-column is-layout-flow wp-block-column-is-layout-flow\">\n<div class=\"wp-block-group is-layout-flow wp-block-group-is-layout-flow\" style=\"min-height:0px\">\n<figure class=\"wp-block-table\"><table class=\"has-fixed-layout\"><thead><tr><th>week 20<\/th><th><strong>Opening hours<\/strong><\/th><\/tr><\/thead><tbody><tr><td>Monday, May 11<\/td><td>9-17&nbsp;<\/td><\/tr><tr><td>Tuesday, May 12<\/td><td>9-17&nbsp;<\/td><\/tr><tr><td>Wednesday, May 13<\/td><td>9-13<\/td><\/tr><tr><td>Thursday, May 14<\/td><td>CLOSED<\/td><\/tr><tr><td>Friday, May 15<\/td><td>9-16<\/td><\/tr><tr><td>Saturday, May 16<\/td><td>10-18&nbsp;<\/td><\/tr><tr><td>Sunday, May 17<\/td><td>9-16&nbsp;&nbsp;<\/td><\/tr><\/tbody><\/table><\/figure>\n<\/div>\n<\/div>\n\n\n\n<div class=\"wp-block-column is-layout-flow wp-block-column-is-layout-flow\">\n<figure class=\"wp-block-table\"><table class=\"has-fixed-layout\"><thead><tr><th>week 21<\/th><th><strong>&nbsp;Opening hours<\/strong><\/th><\/tr><\/thead><tbody><tr><td>Monday, May 18<\/td><td>9-17&nbsp;&nbsp;&nbsp;&nbsp;<\/td><\/tr><tr><td>Tuesday, May 19<\/td><td>9-17<\/td><\/tr><tr><td>Wednesday, May 20<\/td><td>9-17&nbsp;&nbsp;<\/td><\/tr><tr><td>Thursday, May 21<\/td><td>ST\u00c4NGT&nbsp;&nbsp;&nbsp;&nbsp;Utflykt sj\u00f6manskyrkan<\/td><\/tr><tr><td>Friday, May 22<\/td><td>9-16&nbsp;<\/td><\/tr><tr><td>Saturday, May 23<\/td><td>9-16&nbsp;&nbsp;&nbsp;<\/td><\/tr><tr><td>Sunday, May 24<\/td><td>&nbsp;CLOSED<\/td><\/tr><\/tbody><\/table><\/figure>\n<\/div>\n<\/div>\n<\/div>\n<\/div>\n\n\n\n<p><\/p>","protected":false},"excerpt":{"rendered":"<p>Katarina Sj\u00f6fartsklubb ligger p\u00e5 \u201dsj\u00f6historisk\u201d mark alldeles intill Slussen och Gamla stan. Stockholms Sj\u00f6mansf\u00f6rmedling, Sj\u00f6manshus &amp; Sj\u00f6mansn\u00e4mnd bedrev sin verksamhet [&hellip;]<\/p>\n","protected":false},"author":1,"featured_media":0,"parent":0,"menu_order":0,"comment_status":"closed","ping_status":"closed","template":"","meta":{"site-sidebar-layout":"default","site-content-layout":"","ast-site-content-layout":"default","site-content-style":"default","site-sidebar-style":"default","ast-global-header-display":"","ast-banner-title-visibility":"","ast-main-header-display":"","ast-hfb-above-header-display":"","ast-hfb-below-header-display":"","ast-hfb-mobile-header-display":"","site-post-title":"disabled","ast-breadcrumbs-content":"","ast-featured-img":"","footer-sml-layout":"","ast-disable-related-posts":"","theme-transparent-header-meta":"","adv-header-id-meta":"","stick-header-meta":"","header-above-stick-meta":"","header-main-stick-meta":"","header-below-stick-meta":"","astra-migrate-meta-layouts":"default","ast-page-background-enabled":"default","ast-page-background-meta":{"desktop":{"background-color":"var(--ast-global-color-5)","background-image":"","background-repeat":"repeat","background-position":"center center","background-size":"auto","background-attachment":"scroll","background-type":"","background-media":"","overlay-type":"","overlay-color":"","overlay-opacity":"","overlay-gradient":""},"tablet":{"background-color":"","background-image":"","background-repeat":"repeat","background-position":"center center","background-size":"auto","background-attachment":"scroll","background-type":"","background-media":"","overlay-type":"","overlay-color":"","overlay-opacity":"","overlay-gradient":""},"mobile":{"background-color":"","background-image":"","background-repeat":"repeat","background-position":"center center","background-size":"auto","background-attachment":"scroll","background-type":"","background-media":"","overlay-type":"","overlay-color":"","overlay-opacity":"","overlay-gradient":""}},"ast-content-background-meta":{"desktop":{"background-color":"var(--ast-global-color-4)","background-image":"","background-repeat":"repeat","background-position":"center center","background-size":"auto","background-attachment":"scroll","background-type":"","background-media":"","overlay-type":"","overlay-color":"","overlay-opacity":"","overlay-gradient":""},"tablet":{"background-color":"var(--ast-global-color-4)","background-image":"","background-repeat":"repeat","background-position":"center center","background-size":"auto","background-attachment":"scroll","background-type":"","background-media":"","overlay-type":"","overlay-color":"","overlay-opacity":"","overlay-gradient":""},"mobile":{"background-color":"var(--ast-global-color-4)","background-image":"","background-repeat":"repeat","background-position":"center center","background-size":"auto","background-attachment":"scroll","background-type":"","background-media":"","overlay-type":"","overlay-color":"","overlay-opacity":"","overlay-gradient":""}},"footnotes":""},"class_list":["post-62","page","type-page","status-publish","hentry"],"_links":{"self":[{"href":"https:\/\/www.katarinasjofartsklubb.com\/en\/wp-json\/wp\/v2\/pages\/62","targetHints":{"allow":["GET"]}}],"collection":[{"href":"https:\/\/www.katarinasjofartsklubb.com\/en\/wp-json\/wp\/v2\/pages"}],"about":[{"href":"https:\/\/www.katarinasjofartsklubb.com\/en\/wp-json\/wp\/v2\/types\/page"}],"author":[{"embeddable":true,"href":"https:\/\/www.katarinasjofartsklubb.com\/en\/wp-json\/wp\/v2\/users\/1"}],"replies":[{"embeddable":true,"href":"https:\/\/www.katarinasjofartsklubb.com\/en\/wp-json\/wp\/v2\/comments?post=62"}],"version-history":[{"count":377,"href":"https:\/\/www.katarinasjofartsklubb.com\/en\/wp-json\/wp\/v2\/pages\/62\/revisions"}],"predecessor-version":[{"id":2076,"href":"https:\/\/www.katarinasjofartsklubb.com\/en\/wp-json\/wp\/v2\/pages\/62\/revisions\/2076"}],"wp:attachment":[{"href":"https:\/\/www.katarinasjofartsklubb.com\/en\/wp-json\/wp\/v2\/media?parent=62"}],"curies":[{"name":"wp","href":"https:\/\/api.w.org\/{rel}","templated":true}]}}