{"id":76,"date":"2016-02-10T18:26:47","date_gmt":"2016-02-10T17:26:47","guid":{"rendered":"http:\/\/www.katarinasjofartsklubb.com\/2016\/?page_id=76"},"modified":"2025-11-03T16:33:59","modified_gmt":"2025-11-03T15:33:59","slug":"english-boende-for-sjoman-stockholm","status":"publish","type":"page","link":"https:\/\/www.katarinasjofartsklubb.com\/en\/boende-for-sjoman\/english-boende-for-sjoman-stockholm\/","title":{"rendered":"[:sv]Boende f\u00f6r sj\u00f6m\u00e4n \u2013 Stockholm[:en]Accommodations for seafarers \u2013 Stockholm[:]"},"content":{"rendered":"<p>[:sv]&nbsp;<\/p>\n<p><a href=\"http:\/\/www.katarinasjofartsklubb.com\/wp-content\/uploads\/2025\/08\/Hotellrum2.webp\"><img loading=\"lazy\" decoding=\"async\" class=\"wp-image-1714 size-medium alignright\" src=\"http:\/\/www.katarinasjofartsklubb.com\/wp-content\/uploads\/2025\/08\/Hotellrum2-300x200.webp\" alt=\"\" width=\"300\" height=\"200\" srcset=\"https:\/\/www.katarinasjofartsklubb.com\/wp-content\/uploads\/2025\/08\/Hotellrum2-300x200.webp 300w, https:\/\/www.katarinasjofartsklubb.com\/wp-content\/uploads\/2025\/08\/Hotellrum2-1024x683.webp 1024w, https:\/\/www.katarinasjofartsklubb.com\/wp-content\/uploads\/2025\/08\/Hotellrum2-768x512.webp 768w, https:\/\/www.katarinasjofartsklubb.com\/wp-content\/uploads\/2025\/08\/Hotellrum2-1536x1024.webp 1536w, https:\/\/www.katarinasjofartsklubb.com\/wp-content\/uploads\/2025\/08\/Hotellrum2-1140x760.webp 1140w, https:\/\/www.katarinasjofartsklubb.com\/wp-content\/uploads\/2025\/08\/Hotellrum2-570x380.webp 570w, https:\/\/www.katarinasjofartsklubb.com\/wp-content\/uploads\/2025\/08\/Hotellrum2-380x254.webp 380w, https:\/\/www.katarinasjofartsklubb.com\/wp-content\/uploads\/2025\/08\/Hotellrum2-285x190.webp 285w, https:\/\/www.katarinasjofartsklubb.com\/wp-content\/uploads\/2025\/08\/Hotellrum2.webp 1863w\" sizes=\"auto, (max-width: 300px) 100vw, 300px\" \/><\/a>P\u00e5 Scandic Sj\u00f6fartshotellet kan du bo till kraftigt rabatterat pris. Villkoren \u00e4r att du kan legitimera dig som aktivt yrkesut\u00f6vande sj\u00f6man. Giltiga handlingar\/intyg som g\u00e4ller; svensk sj\u00f6fartsbok (senaste avm\u00f6nstring ej \u00e4ldre \u00e4n sex m\u00e5nader) samt senaste l\u00f6nespecifikation (ej \u00e4ldre \u00e4n sex m\u00e5nader). Rederi-ID g\u00e4ller EJ.<br \/>\nF\u00f6r att erh\u00e5lla rabatten m\u00e5ste man vara svensk sj\u00f6man med svensk sj\u00f6fartsbok (d\u00e4ck, maskin -och intendenturpersonal samt bef\u00e4l) eller segla f\u00f6r ett svenskt rederi.<br \/>\nSj\u00f6man med bostad i Stockholms l\u00e4n \u00e4r inte ber\u00e4ttigad till rabatt.<\/p>\n<p>F\u00f6r utl\u00e4ndska sj\u00f6m\u00e4n g\u00e4ller endast sj\u00f6mansrabatten i anslutning till av eller p\u00e5m\u00f6nstring i Stockholm.<\/p>\n<p>Rumsgaranti g\u00e4ller fram till klockan 12.00 ankomstdagen.<\/p>\n<p><a href=\"http:\/\/www.katarinasjofartsklubb.com\/wp-content\/uploads\/2025\/08\/Hotellrum1.webp\"><img loading=\"lazy\" decoding=\"async\" class=\"wp-image-1715 size-medium alignright\" src=\"http:\/\/www.katarinasjofartsklubb.com\/wp-content\/uploads\/2025\/08\/Hotellrum1-300x200.webp\" alt=\"\" width=\"300\" height=\"200\" srcset=\"https:\/\/www.katarinasjofartsklubb.com\/wp-content\/uploads\/2025\/08\/Hotellrum1-300x200.webp 300w, https:\/\/www.katarinasjofartsklubb.com\/wp-content\/uploads\/2025\/08\/Hotellrum1-1024x683.webp 1024w, https:\/\/www.katarinasjofartsklubb.com\/wp-content\/uploads\/2025\/08\/Hotellrum1-768x512.webp 768w, https:\/\/www.katarinasjofartsklubb.com\/wp-content\/uploads\/2025\/08\/Hotellrum1-1536x1024.webp 1536w, https:\/\/www.katarinasjofartsklubb.com\/wp-content\/uploads\/2025\/08\/Hotellrum1-1140x760.webp 1140w, https:\/\/www.katarinasjofartsklubb.com\/wp-content\/uploads\/2025\/08\/Hotellrum1-570x380.webp 570w, https:\/\/www.katarinasjofartsklubb.com\/wp-content\/uploads\/2025\/08\/Hotellrum1-380x254.webp 380w, https:\/\/www.katarinasjofartsklubb.com\/wp-content\/uploads\/2025\/08\/Hotellrum1-285x190.webp 285w, https:\/\/www.katarinasjofartsklubb.com\/wp-content\/uploads\/2025\/08\/Hotellrum1.webp 1863w\" sizes=\"auto, (max-width: 300px) 100vw, 300px\" \/><\/a><\/p>\n<p>Det rabatterade priset kan erh\u00e5llas under maximalt 20 dagar under en sexm\u00e5nadersperiod ifr\u00e5n f\u00f6rsta \u00f6vernattningen. Det rabatterade priset g\u00e4ller endast f\u00f6r enskild sj\u00f6man vid privat bes\u00f6k i Stockholm. Rabatten g\u00e4ller <strong>INTE<\/strong> i tj\u00e4nsten (inkl. kurser\/utbildning (arbetsrelaterat) samt visum) och\/eller n\u00e4r resan betalas av n\u00e5gon organisation eller\u00a0 arbetsgivare\/egenf\u00f6retagare\/eget rederi.<\/p>\n<p>Logikostnaden \u00e4r f\u00f6r n\u00e4rvarande fr\u00e5n 300:- SEK f\u00f6r enkelrum och dubbelrum fr\u00e5n 500:- SEK. I priset inkluderas en h\u00e4rlig frukostbuff\u00e9.<br \/>\nLogikostnaden betalas vid incheckning efter att du fyllt i den s\u00e4rskilda inskrivningsblanketten, fullst\u00e4ndigt med alla uppgifter. (Fylls i vid varje incheckningstillf\u00e4lle.)<\/p>\n<p>F\u00f6r arbetss\u00f6kande sj\u00f6m\u00e4n \u00e4r boendekostnaden reducerad under f\u00f6ruts\u00e4ttning att f\u00f6ljande villkor \u00e4r uppfyllda:<a href=\"http:\/\/www.katarinasjofartsklubb.com\/wp-content\/uploads\/2025\/08\/Hotellrumlitet.webp\"><img loading=\"lazy\" decoding=\"async\" class=\"size-medium wp-image-1716 alignright\" src=\"http:\/\/www.katarinasjofartsklubb.com\/wp-content\/uploads\/2025\/08\/Hotellrumlitet-300x200.webp\" alt=\"\" width=\"300\" height=\"200\" srcset=\"https:\/\/www.katarinasjofartsklubb.com\/wp-content\/uploads\/2025\/08\/Hotellrumlitet-300x200.webp 300w, https:\/\/www.katarinasjofartsklubb.com\/wp-content\/uploads\/2025\/08\/Hotellrumlitet-1024x683.webp 1024w, https:\/\/www.katarinasjofartsklubb.com\/wp-content\/uploads\/2025\/08\/Hotellrumlitet-768x512.webp 768w, https:\/\/www.katarinasjofartsklubb.com\/wp-content\/uploads\/2025\/08\/Hotellrumlitet-1536x1024.webp 1536w, https:\/\/www.katarinasjofartsklubb.com\/wp-content\/uploads\/2025\/08\/Hotellrumlitet-1140x760.webp 1140w, https:\/\/www.katarinasjofartsklubb.com\/wp-content\/uploads\/2025\/08\/Hotellrumlitet-570x380.webp 570w, https:\/\/www.katarinasjofartsklubb.com\/wp-content\/uploads\/2025\/08\/Hotellrumlitet-380x254.webp 380w, https:\/\/www.katarinasjofartsklubb.com\/wp-content\/uploads\/2025\/08\/Hotellrumlitet-285x190.webp 285w, https:\/\/www.katarinasjofartsklubb.com\/wp-content\/uploads\/2025\/08\/Hotellrumlitet.webp 1863w\" sizes=\"auto, (max-width: 300px) 100vw, 300px\" \/><\/a><\/p>\n<p>\u2022 Du \u00e4r registrerad vid n\u00e5gon av landets sj\u00f6mansf\u00f6rmedlingar (samtliga handlingar skall uppvisas \u2013 inklusive l\u00e4karintyg till handl\u00e4ggaren) f\u00f6r intyg.<br \/>\nIntyget fr\u00e5n Sj\u00f6mansf\u00f6rmedlingen samt legitimation ska uppvisas vid incheckning p\u00e5 hotellet.<\/p>\n<p>\u2022 Du har varit anst\u00e4lld i fartyg\/rederi under de senaste 6 m\u00e5naderna. Rabatten f\u00f6r arbetss\u00f6kande g\u00e4ller endast boende m\u00e5ndag till fredag i enkelrum.<br \/>\nG\u00e4ller endast om sj\u00f6mannen betalar ur egen ficka och kan heller ej faktureras. Rabatten g\u00e4ller Ej pension\u00e4r.<\/p>\n<p>Vi ser g\u00e4rna att du skickar din bokningsf\u00f6rfr\u00e5gan p\u00e5 e-post <a href=\"mailto:sjofart@scandichotels.com\">sjofart@scandichotels.com<\/a><br \/>\nuppge d\u00e5 &#8221;sj\u00f6mansbokning&#8221; alternativt p\u00e5 telefon 08-51734900, knappval reception.<br \/>\n<strong><br \/>\nVarmt v\u00e4lkommen med din bokning!\u00a0<a href=\"http:\/\/www.katarinasjofartsklubb.com\/wp-content\/uploads\/2025\/08\/Toalett.webp\"><img loading=\"lazy\" decoding=\"async\" class=\"size-medium wp-image-1717 alignright\" src=\"http:\/\/www.katarinasjofartsklubb.com\/wp-content\/uploads\/2025\/08\/Toalett-300x200.webp\" alt=\"\" width=\"300\" height=\"200\" srcset=\"https:\/\/www.katarinasjofartsklubb.com\/wp-content\/uploads\/2025\/08\/Toalett-300x200.webp 300w, https:\/\/www.katarinasjofartsklubb.com\/wp-content\/uploads\/2025\/08\/Toalett-1024x683.webp 1024w, https:\/\/www.katarinasjofartsklubb.com\/wp-content\/uploads\/2025\/08\/Toalett-768x512.webp 768w, https:\/\/www.katarinasjofartsklubb.com\/wp-content\/uploads\/2025\/08\/Toalett-1536x1024.webp 1536w, https:\/\/www.katarinasjofartsklubb.com\/wp-content\/uploads\/2025\/08\/Toalett-1140x760.webp 1140w, https:\/\/www.katarinasjofartsklubb.com\/wp-content\/uploads\/2025\/08\/Toalett-570x380.webp 570w, https:\/\/www.katarinasjofartsklubb.com\/wp-content\/uploads\/2025\/08\/Toalett-380x254.webp 380w, https:\/\/www.katarinasjofartsklubb.com\/wp-content\/uploads\/2025\/08\/Toalett-285x190.webp 285w, https:\/\/www.katarinasjofartsklubb.com\/wp-content\/uploads\/2025\/08\/Toalett.webp 1863w\" sizes=\"auto, (max-width: 300px) 100vw, 300px\" \/><\/a><\/strong><\/p>\n<p>&nbsp;<\/p>\n<p>H\u00e4r \u00e4r en l\u00e4nk till hotellets sidor p\u00e5 n\u00e4tet med utf\u00f6rlig service beskrivning: www.scandichotels.se<\/p>\n<p>Scandic Sj\u00f6fartshotellet<br \/>\nBes\u00f6ksadress: Katarinav\u00e4gen 26 (Tunnelbanestation &#8211; Slussen)<br \/>\n116 45 Stockholm<\/p>\n<p>&nbsp;<\/p>\n<p>Hotellbokningen:<br \/>\nE-post: sjofart@scandichotels.com<br \/>\nTel: 08-517 349 00, knappval RECEPTION<\/p>\n<p>&nbsp;[:en]<img loading=\"lazy\" decoding=\"async\" class=\"alignright size-full wp-image-222\" src=\"http:\/\/www.katarinasjofartsklubb.com\/2016\/wp-content\/uploads\/2016\/02\/Standardrum-2.jpg\" alt=\"Standardrum 2\" width=\"480\" height=\"320\" srcset=\"https:\/\/www.katarinasjofartsklubb.com\/wp-content\/uploads\/2016\/02\/Standardrum-2.jpg 480w, https:\/\/www.katarinasjofartsklubb.com\/wp-content\/uploads\/2016\/02\/Standardrum-2-300x200.jpg 300w, https:\/\/www.katarinasjofartsklubb.com\/wp-content\/uploads\/2016\/02\/Standardrum-2-320x213.jpg 320w, https:\/\/www.katarinasjofartsklubb.com\/wp-content\/uploads\/2016\/02\/Standardrum-2-240x160.jpg 240w\" sizes=\"auto, (max-width: 480px) 100vw, 480px\" \/>The Seafarers\u2019 Hotel offers rooms with conciderable discounts. To get benefit of these discounts you have to identify yourself as a working seaman. Certifactions that you have to show up on your arrival\/check in at the hotel is following; Seamens book or log in to your personal site at Transportstyrelsen.se for your lates sign in\/sign of toghether with your latest specification wage. Please note the certificates has to be issued over the last six months. Registration cards issued by shipping companies are not valid.<\/p>\n<p><img loading=\"lazy\" decoding=\"async\" class=\"size-full wp-image-221 alignright\" src=\"http:\/\/www.katarinasjofartsklubb.com\/2016\/wp-content\/uploads\/2016\/02\/Standardrum.jpg\" alt=\"Standardrum\" width=\"480\" height=\"320\" srcset=\"https:\/\/www.katarinasjofartsklubb.com\/wp-content\/uploads\/2016\/02\/Standardrum.jpg 480w, https:\/\/www.katarinasjofartsklubb.com\/wp-content\/uploads\/2016\/02\/Standardrum-300x200.jpg 300w, https:\/\/www.katarinasjofartsklubb.com\/wp-content\/uploads\/2016\/02\/Standardrum-320x213.jpg 320w, https:\/\/www.katarinasjofartsklubb.com\/wp-content\/uploads\/2016\/02\/Standardrum-240x160.jpg 240w\" sizes=\"auto, (max-width: 480px) 100vw, 480px\" \/><\/p>\n<p>The discounts are not available for seamen living in Stockholm.<\/p>\n<p>To obtain the discount, you must be a Swedish seaman. Seamen of foreign nationality are only eligible for discounts when paying-off or signing on in Stockholm.<\/p>\n<p>The discount is only available for a maximum of 20 days during a period of six months. The discount for seamen is only available for visits not paid for by any employer. For the moment, the cost for a sinlge room is from 300 Swedish Krona (SEK). A double room from 500 SEK, depending on availability. The price of the room includes a generous breakfast. Having registered by filling in the registration form, the bill has to be settled before occupying the room. (This procedure is applied every time you check in.)<\/p>\n<p>For seamen seeking employment, a reduced room fee will be applied if the following conditions are fulfilled:<\/p>\n<p>1. That you have a certified registration at any Seamen\u00b4s employment exchange in Sweden.<\/p>\n<p>2. That you have been employed by a Shipping company during the last year.<\/p>\n<p>3. That all your documents are valid and correctly filled-in, including a doctor\u00b4s certificate.<\/p>\n<p>4.That your filled-in registration form has been certified by the Seamen\u00b4s employment Exchange or by an employee at the Katarina Seamen\u00b4s Club.<\/p>\n<p>Welcome to do tour request directly by email sjofart@scandichotels.com or calling the Scandic Seafarers\u2019 Hotel, phone +46-8-517 349 00 &#8211; RECEPTION<\/p>\n<p>Hotel booking;<br \/>\nopening hours 8 am to 16.30 pm<\/p>\n<p>Email: sjofart@scandichotels.com<\/p>\n<h3>The Scandic Seafarers\u2019 Hotel<\/h3>\n<p>Katarinav\u00e4gen 26<br \/>\nSE-116 45 Stockholm, Sweden<br \/>\n(By the Slussen Metro station)<\/p>\n<h3>The Hotel booking<\/h3>\n<p>Opening hours 8 am to 16.30 pm<\/p>\n<p>Email: sjofart@scandichotels.com<br \/>\nPhone: +46-8-517 349 00 &#8211; RECEPTION[:]<\/p>\n","protected":false},"excerpt":{"rendered":"<p>[:sv]&nbsp; P\u00e5 Scandic Sj\u00f6fartshotellet kan du bo till kraftigt rabatterat pris. Villkoren \u00e4r att du kan legitimera dig som aktivt [&hellip;]<\/p>\n","protected":false},"author":1,"featured_media":0,"parent":13,"menu_order":0,"comment_status":"closed","ping_status":"closed","template":"","meta":{"site-sidebar-layout":"default","site-content-layout":"","ast-site-content-layout":"default","site-content-style":"default","site-sidebar-style":"default","ast-global-header-display":"","ast-banner-title-visibility":"","ast-main-header-display":"","ast-hfb-above-header-display":"","ast-hfb-below-header-display":"","ast-hfb-mobile-header-display":"","site-post-title":"","ast-breadcrumbs-content":"","ast-featured-img":"","footer-sml-layout":"","ast-disable-related-posts":"","theme-transparent-header-meta":"","adv-header-id-meta":"","stick-header-meta":"","header-above-stick-meta":"","header-main-stick-meta":"","header-below-stick-meta":"","astra-migrate-meta-layouts":"default","ast-page-background-enabled":"default","ast-page-background-meta":{"desktop":{"background-color":"var(--ast-global-color-5)","background-image":"","background-repeat":"repeat","background-position":"center center","background-size":"auto","background-attachment":"scroll","background-type":"","background-media":"","overlay-type":"","overlay-color":"","overlay-opacity":"","overlay-gradient":""},"tablet":{"background-color":"","background-image":"","background-repeat":"repeat","background-position":"center center","background-size":"auto","background-attachment":"scroll","background-type":"","background-media":"","overlay-type":"","overlay-color":"","overlay-opacity":"","overlay-gradient":""},"mobile":{"background-color":"","background-image":"","background-repeat":"repeat","background-position":"center center","background-size":"auto","background-attachment":"scroll","background-type":"","background-media":"","overlay-type":"","overlay-color":"","overlay-opacity":"","overlay-gradient":""}},"ast-content-background-meta":{"desktop":{"background-color":"var(--ast-global-color-4)","background-image":"","background-repeat":"repeat","background-position":"center center","background-size":"auto","background-attachment":"scroll","background-type":"","background-media":"","overlay-type":"","overlay-color":"","overlay-opacity":"","overlay-gradient":""},"tablet":{"background-color":"var(--ast-global-color-4)","background-image":"","background-repeat":"repeat","background-position":"center center","background-size":"auto","background-attachment":"scroll","background-type":"","background-media":"","overlay-type":"","overlay-color":"","overlay-opacity":"","overlay-gradient":""},"mobile":{"background-color":"var(--ast-global-color-4)","background-image":"","background-repeat":"repeat","background-position":"center center","background-size":"auto","background-attachment":"scroll","background-type":"","background-media":"","overlay-type":"","overlay-color":"","overlay-opacity":"","overlay-gradient":""}},"footnotes":""},"class_list":["post-76","page","type-page","status-publish","hentry"],"_links":{"self":[{"href":"https:\/\/www.katarinasjofartsklubb.com\/en\/wp-json\/wp\/v2\/pages\/76","targetHints":{"allow":["GET"]}}],"collection":[{"href":"https:\/\/www.katarinasjofartsklubb.com\/en\/wp-json\/wp\/v2\/pages"}],"about":[{"href":"https:\/\/www.katarinasjofartsklubb.com\/en\/wp-json\/wp\/v2\/types\/page"}],"author":[{"embeddable":true,"href":"https:\/\/www.katarinasjofartsklubb.com\/en\/wp-json\/wp\/v2\/users\/1"}],"replies":[{"embeddable":true,"href":"https:\/\/www.katarinasjofartsklubb.com\/en\/wp-json\/wp\/v2\/comments?post=76"}],"version-history":[{"count":34,"href":"https:\/\/www.katarinasjofartsklubb.com\/en\/wp-json\/wp\/v2\/pages\/76\/revisions"}],"predecessor-version":[{"id":1749,"href":"https:\/\/www.katarinasjofartsklubb.com\/en\/wp-json\/wp\/v2\/pages\/76\/revisions\/1749"}],"up":[{"embeddable":true,"href":"https:\/\/www.katarinasjofartsklubb.com\/en\/wp-json\/wp\/v2\/pages\/13"}],"wp:attachment":[{"href":"https:\/\/www.katarinasjofartsklubb.com\/en\/wp-json\/wp\/v2\/media?parent=76"}],"curies":[{"name":"wp","href":"https:\/\/api.w.org\/{rel}","templated":true}]}}