{"id":87,"date":"2016-02-10T18:48:49","date_gmt":"2016-02-10T17:48:49","guid":{"rendered":"http:\/\/www.katarinasjofartsklubb.com\/2016\/?page_id=87"},"modified":"2025-09-09T15:35:23","modified_gmt":"2025-09-09T13:35:23","slug":"boende-for-sjoman-sverige","status":"publish","type":"page","link":"https:\/\/www.katarinasjofartsklubb.com\/en\/boende-for-sjoman\/boende-for-sjoman-sverige\/","title":{"rendered":"[:sv]Boende f\u00f6r sj\u00f6m\u00e4n \u2013 Sverige[:en]Accommodations for seafarers \u2013 Sweden[:]"},"content":{"rendered":"<p>[:sv]Sj\u00f6mansrabatt ges p\u00e5 sj\u00f6fartshotellen i Stockholm och Oskarshamn, liksom i s\u00e4rskild form p\u00e5 n\u00e5gra vanliga hotell i G\u00f6teborg.<\/p>\n<h2>STOCKHOLM<\/h2>\n<p><strong>Sj\u00f6fartshotellet Scandic<\/strong><br \/>\nKatarinav\u00e4gen 26<br \/>\nF\u00f6r bokning: email: sjofart@scandichotels.com alternativt telefon 08-517 349 00, knappval RECEPTION<\/p>\n<p>Pris f\u00f6r sj\u00f6man:<br \/>\nSemestrande sj\u00f6man: Enkelrum fr\u00e5n 300 kr\/natt , dubbelrum fr\u00e5n 500 kr\/natt<br \/>\nArbetss\u00f6kande sj\u00f6man: 100 kr\/natt<\/p>\n<h2>OSKARSHAMN<\/h2>\n<p><strong>Sj\u00f6fartshotellet<\/strong><br \/>\nSj\u00f6fartsgatan<br \/>\nTel: 0491-768300<br \/>\nEnkelrum\/Dubbelrum 25 % rabatt p\u00e5 ord. pris f\u00f6r sj\u00f6man<\/p>\n<h2>G\u00d6TEBORG<\/h2>\n<p>F\u00f6r att uppfylla \u00e5tagandet att tillhandah\u00e5lla<br \/>\nbilligt hotellboende har stiftelsen tecknat avtal med ett antal hotell i<br \/>\nG\u00f6teborg d\u00e4r sj\u00f6folket f\u00e5r rabatter p\u00e5 ordinarie hotellpris.<\/p>\n<p>De hotell som stiftelsen har avtal med \u00e4r: <strong>Spar Hotel G\u00e5rda, Spar Hotel Majorna och Hotel Royal.<br \/>\nRabatten p\u00e5 dessa hotell \u00e4r 600 kronor per dygn.<\/strong><\/p>\n<p>Aktivt sj\u00f6folk som vill utnyttja\u00a0m\u00f6jligheten till billigare boende kontaktar sin fackliga expedition eller<br \/>\nSj\u00f6fartsverkets anl\u00e4ggning Rosenhill Seamen&#8217;s Center p\u00e5 tel +46 (0)10-478 49 55 eller email <a title=\"e-post\" href=\"mailto:rosenhill@sjofartsverket.se\">rosenhill@sjofartsverket.se<\/a><br \/>\nDe hj\u00e4lper till med att ordna hotellrum och l\u00e4mnar med en hotellkupong som d\u00e4refter l\u00e4mnas \u00f6ver till hotellet som<br \/>\ndelbetalning. Faktura p\u00e5 beloppet s\u00e4nds sedan fr\u00e5n hotellet till stiftelsen.<br \/>\nAktivt sj\u00f6folk p\u00e5 icke svenskflaggade fartyg har ocks\u00e5 m\u00f6jlighet att tills vidare utnyttja stiftelsens rabattsystem enligt vanliga regler.[:en]<strong>A Discount<\/strong> for seamen is available at the Seafarers\u2019 hotels in Stockholm and Oskarshamn as well as at the privately owned Ibis hotel in Malmo and a few other hotels in Gothenburg.<\/p>\n<h3>STOCKHOLM<\/h3>\n<h4>The Seafarers\u2019 Hotel Scandic<\/h4>\n<p>Katarinav\u00e4gen 26<\/p>\n<p>Call +46-8-17 349 80 for bookings between 8 am\u20134.30 pm.<\/p>\n<p>The room rate for seamen at work or on vacation is from 300 SEK per night for a single room and from\u00a0500 SEK for a double room.<br \/>\nSeamen seeking employment pay 100 SEK per night.<\/p>\n<h3>OSKARSHAMN<\/h3>\n<h4>The Seafarers\u2019 Hotel<\/h4>\n<p>Sj\u00f6fartsgatan<\/p>\n<p>Phone +46-(0)491-143 40<br \/>\nSeamen are given a discount for 25 per cent on regular prices.<\/p>\n<h3>GOTHENBURG<\/h3>\n<p>The Foundation for the Gothenburg Seafarers\u2019 Hotel has no hotels of its own. Following this, the foundation has an arrangement for seamen with six regular hotels in Gothenburg. Visiting seamen may pick up coupons for a discount at their respective union offices in Gothenburg or at the Culture and Leisure Centre of the Merchant Marine (HKF) at Rosenhill.<\/p>\n<p>The discount is deducted from the regular room price of 400 SEK per night for a single\/double room. The discount is available for any visiting seamen, regardless of the purpose of their stay.<\/p>\n<h4>Spar Hotel Majorna<\/h4>\n<p>Karl Johansgatan 66\u201370<\/p>\n<p>Phone +46-(0)31-42 00 20<\/p>\n<h4>Spar Hotel G\u00e5rda<\/h4>\n<p>N. Kustbanegatan 15\u201317<\/p>\n<p>Phone +46-(0)31-80 15 00<\/p>\n<h4>Hotell Royal<\/h4>\n<p>Drottninggatan 67<\/p>\n<p>Phone +46-(0)31-700 11 70<\/p>\n<h4>Liseberg Heden<\/h4>\n<p>Sten Sturegatan<\/p>\n<p>Phone +46-(0)31-20 02 80[:]<\/p>\n","protected":false},"excerpt":{"rendered":"<p>[:sv]Sj\u00f6mansrabatt ges p\u00e5 sj\u00f6fartshotellen i Stockholm och Oskarshamn, liksom i s\u00e4rskild form p\u00e5 n\u00e5gra vanliga hotell i G\u00f6teborg. STOCKHOLM Sj\u00f6fartshotellet [&hellip;]<\/p>\n","protected":false},"author":1,"featured_media":210,"parent":13,"menu_order":0,"comment_status":"closed","ping_status":"closed","template":"","meta":{"site-sidebar-layout":"default","site-content-layout":"","ast-site-content-layout":"default","site-content-style":"default","site-sidebar-style":"default","ast-global-header-display":"","ast-banner-title-visibility":"","ast-main-header-display":"","ast-hfb-above-header-display":"","ast-hfb-below-header-display":"","ast-hfb-mobile-header-display":"","site-post-title":"","ast-breadcrumbs-content":"","ast-featured-img":"","footer-sml-layout":"","ast-disable-related-posts":"","theme-transparent-header-meta":"","adv-header-id-meta":"","stick-header-meta":"","header-above-stick-meta":"","header-main-stick-meta":"","header-below-stick-meta":"","astra-migrate-meta-layouts":"default","ast-page-background-enabled":"default","ast-page-background-meta":{"desktop":{"background-color":"var(--ast-global-color-5)","background-image":"","background-repeat":"repeat","background-position":"center center","background-size":"auto","background-attachment":"scroll","background-type":"","background-media":"","overlay-type":"","overlay-color":"","overlay-opacity":"","overlay-gradient":""},"tablet":{"background-color":"","background-image":"","background-repeat":"repeat","background-position":"center center","background-size":"auto","background-attachment":"scroll","background-type":"","background-media":"","overlay-type":"","overlay-color":"","overlay-opacity":"","overlay-gradient":""},"mobile":{"background-color":"","background-image":"","background-repeat":"repeat","background-position":"center center","background-size":"auto","background-attachment":"scroll","background-type":"","background-media":"","overlay-type":"","overlay-color":"","overlay-opacity":"","overlay-gradient":""}},"ast-content-background-meta":{"desktop":{"background-color":"var(--ast-global-color-4)","background-image":"","background-repeat":"repeat","background-position":"center center","background-size":"auto","background-attachment":"scroll","background-type":"","background-media":"","overlay-type":"","overlay-color":"","overlay-opacity":"","overlay-gradient":""},"tablet":{"background-color":"var(--ast-global-color-4)","background-image":"","background-repeat":"repeat","background-position":"center center","background-size":"auto","background-attachment":"scroll","background-type":"","background-media":"","overlay-type":"","overlay-color":"","overlay-opacity":"","overlay-gradient":""},"mobile":{"background-color":"var(--ast-global-color-4)","background-image":"","background-repeat":"repeat","background-position":"center center","background-size":"auto","background-attachment":"scroll","background-type":"","background-media":"","overlay-type":"","overlay-color":"","overlay-opacity":"","overlay-gradient":""}},"footnotes":""},"class_list":["post-87","page","type-page","status-publish","has-post-thumbnail","hentry"],"_links":{"self":[{"href":"https:\/\/www.katarinasjofartsklubb.com\/en\/wp-json\/wp\/v2\/pages\/87","targetHints":{"allow":["GET"]}}],"collection":[{"href":"https:\/\/www.katarinasjofartsklubb.com\/en\/wp-json\/wp\/v2\/pages"}],"about":[{"href":"https:\/\/www.katarinasjofartsklubb.com\/en\/wp-json\/wp\/v2\/types\/page"}],"author":[{"embeddable":true,"href":"https:\/\/www.katarinasjofartsklubb.com\/en\/wp-json\/wp\/v2\/users\/1"}],"replies":[{"embeddable":true,"href":"https:\/\/www.katarinasjofartsklubb.com\/en\/wp-json\/wp\/v2\/comments?post=87"}],"version-history":[{"count":16,"href":"https:\/\/www.katarinasjofartsklubb.com\/en\/wp-json\/wp\/v2\/pages\/87\/revisions"}],"predecessor-version":[{"id":1733,"href":"https:\/\/www.katarinasjofartsklubb.com\/en\/wp-json\/wp\/v2\/pages\/87\/revisions\/1733"}],"up":[{"embeddable":true,"href":"https:\/\/www.katarinasjofartsklubb.com\/en\/wp-json\/wp\/v2\/pages\/13"}],"wp:featuredmedia":[{"embeddable":true,"href":"https:\/\/www.katarinasjofartsklubb.com\/en\/wp-json\/wp\/v2\/media\/210"}],"wp:attachment":[{"href":"https:\/\/www.katarinasjofartsklubb.com\/en\/wp-json\/wp\/v2\/media?parent=87"}],"curies":[{"name":"wp","href":"https:\/\/api.w.org\/{rel}","templated":true}]}}